{"id":3,"date":"2023-11-17T09:45:27","date_gmt":"2023-11-17T09:45:27","guid":{"rendered":"https:\/\/diamfab.cerfalunettes.fr\/?page_id=3"},"modified":"2024-03-20T10:21:17","modified_gmt":"2024-03-20T09:21:17","slug":"privacy-policy","status":"publish","type":"page","link":"https:\/\/diamfab.com\/fr\/privacy-policy\/","title":{"rendered":"Privacy Policy"},"content":{"rendered":"\t\t<div data-elementor-type=\"wp-page\" data-elementor-id=\"3\" class=\"elementor elementor-3\" data-elementor-post-type=\"page\">\n\t\t\t\t\t\t<section class=\"elementor-section elementor-top-section elementor-element elementor-element-72fe8dee elementor-section-boxed elementor-section-height-default elementor-section-height-default\" data-id=\"72fe8dee\" data-element_type=\"section\" data-e-type=\"section\" data-settings=\"{&quot;jet_parallax_layout_list&quot;:[]}\">\n\t\t\t\t\t\t<div class=\"elementor-container elementor-column-gap-default\">\n\t\t\t\t\t<div class=\"elementor-column elementor-col-100 elementor-top-column elementor-element elementor-element-67871611\" data-id=\"67871611\" data-element_type=\"column\" data-e-type=\"column\">\n\t\t\t<div class=\"elementor-widget-wrap elementor-element-populated\">\n\t\t\t\t\t\t<div class=\"elementor-element elementor-element-fe1b53c elementor-widget elementor-widget-spacer\" data-id=\"fe1b53c\" data-element_type=\"widget\" data-e-type=\"widget\" data-widget_type=\"spacer.default\">\n\t\t\t\t<div class=\"elementor-widget-container\">\n\t\t\t\t\t\t\t<div class=\"elementor-spacer\">\n\t\t\t<div class=\"elementor-spacer-inner\"><\/div>\n\t\t<\/div>\n\t\t\t\t\t\t<\/div>\n\t\t\t\t<\/div>\n\t\t\t\t<div class=\"elementor-element elementor-element-2fb4657d elementor-widget elementor-widget-text-editor\" data-id=\"2fb4657d\" data-element_type=\"widget\" data-e-type=\"widget\" data-widget_type=\"text-editor.default\">\n\t\t\t\t<div class=\"elementor-widget-container\">\n\t\t\t\t\t\t\t\t\t<p><\/p>\n<p>Nous vous remercions de votre visite sur le site DIAMFAB. Vous trouverez ci-dessous notre politique en mati\u00e8re de traitement de donn\u00e9es personnelles. En visitant ce site vous acceptez les termes et conditions \u00e9nonc\u00e9es ci-apr\u00e8s.<\/p>\n<h2 class=\"wp-block-heading\"><span style=\"color: #ffffff;\">Qui sommes-nous\u00a0?<\/span><\/h2>\n<p>L\u2019adresse de notre site Web est\u00a0: http:\/\/diamfab.com.<\/p>\n<h3><strong>Identification de l\u2019\u00e9diteur du site<\/strong><\/h3>\n<p><strong>Soci\u00e9t\u00e9 :\u00a0<\/strong>DIAMFAB<\/p>\n<p><strong>Adresse Postale :<\/strong>\u00a0<\/p>\n<p>\u00a025 avenue des Martyrs<\/p>\n<p>38042 Grenoble Cedex 9<\/p>\n<p><strong>Adresse \u00e9lectronique (Courriel) :<\/strong>\u00a0contact@diamfab.com<\/p>\n<p>Immatricul\u00e9e au RCS sous SIREN : 849 450 705\u00a0<\/p>\n<p><strong>SIRET :<\/strong>\u00a0849 450 705 00025<\/p>\n<p><strong>Capital social :<\/strong>\u00a047 089 \u20ac<\/p>\n<p><strong>Directeur de la publication, responsable l\u00e9gal :<\/strong>\u00a0M. Gauthier Chicot<\/p>\n<h2><span style=\"color: #ffffff;\">Conception et d\u00e9veloppement du site internet<\/span><\/h2>\n<p><a href=\"https:\/\/creation-site-web-grenoble.fr\/\" target=\"_blank\" rel=\"noopener\"><strong>Agence com &amp; web Cerf \u00e0 Lunettes<\/strong><\/a><\/p>\n<h2><span style=\"color: #ffffff;\">Cr\u00e9dits photos<\/span><\/h2>\n<p>Merci \u00e0<\/p>\n<p>\u00a9PJ Daganaud\/Institut N\u00e9el-CNRS<\/p>\n<p>\u00a9GrenobleAlpesMetropoleLucasFrangella<\/p>\n<p>\u00a9Photo Gilles GALOYER<\/p>\n<h2><span style=\"color: #ffffff;\">H\u00e9bergement<\/span><\/h2>\n<p>OVH \u2013 2 rue Kellermann \u2013 59100 Roubaix \u2013 France.<\/p>\n<p>SAS au capital de 10 000 000 \u20ac<\/p>\n<p>T\u00e9l\u00e9phone\u00a0: +33972101007<\/p>\n<h2><span style=\"color: #ffffff;\">Utilisation des donn\u00e9es personnelles collect\u00e9es<\/span><\/h2>\n<h3>Protection des donn\u00e9es personnelles<\/h3>\n<p>Toutes les donn\u00e9es collect\u00e9es sur ce site, par quelque moyen que ce soit, sont \u00e0 l\u2019usage r\u00e9serv\u00e9 de l\u2019entreprise DIAMFAB.<\/p>\n<p>Conform\u00e9ment \u00e0 l\u2019article 34 de la loi 78-17 Informatique et Libert\u00e9s du 6 janvier 1978, vous disposez d\u2019un droit d\u2019acc\u00e8s, de modification, de rectification et de suppression des donn\u00e9es vous concernant.<\/p>\n<p>Pour exercer ce droit, contactez-nous par e-mail \u00e0 :\u00a0contact(at)diamfab.com<\/p>\n<p>Ou, par courrier, \u00e0 l\u2019adresse :\u00a025 rue des martyrs, 38042 Grenoble Cedex 9.<\/p>\n<h3>Formulaires et commentaires<\/h3>\n<p>Les informations recueillies sur ce site par l\u2019interm\u00e9diaire des formulaires font l\u2019objet d\u2019un traitement informatique destin\u00e9 \u00e0 l\u2019\u00e9laboration d\u2019une proposition commerciale.<\/p>\n<p>Conform\u00e9ment \u00e0 la loi Informatique et Libert\u00e9s du 6 janvier 1978, vous b\u00e9n\u00e9ficiez d\u2019un droit d\u2019acc\u00e8s et de rectification aux informations qui vous concernent. Si vous souhaitez exercer ce droit et obtenir communication des informations vous concernant, contactez-nous \u00e0 l\u2019adresse ci-dessus.<\/p>\n<p>Quand vous laissez un commentaire sur notre site web, les donn\u00e9es inscrites dans le formulaire de commentaire, mais aussi votre adresse IP et l\u2019agent utilisateur de votre navigateur sont collect\u00e9s pour nous aider \u00e0 la d\u00e9tection des commentaires ind\u00e9sirables.<\/p>\n<p>Une cha\u00eene anonymis\u00e9e cr\u00e9\u00e9e \u00e0 partir de votre adresse de messagerie (\u00e9galement appel\u00e9e hash) peut \u00eatre envoy\u00e9e au service Gravatar pour v\u00e9rifier si vous utilisez ce dernier. Les clauses de confidentialit\u00e9 du service Gravatar sont disponibles ici\u00a0: https:\/\/automattic.com\/privacy\/. Apr\u00e8s validation de votre commentaire, votre photo de profil sera visible publiquement \u00e0 cot\u00e9 de votre commentaire.<\/p>\n<h3>Liens hypertextes<\/h3>\n<p>La mise en place d\u2019un lien hypertexte vers le site diamfab.com ne n\u00e9cessite pas d\u2019autorisation pr\u00e9alable et \u00e9crite de DIAMFAB. N\u00e9anmoins, DIAMFAB doit en \u00eatre inform\u00e9 dans un d\u00e9lai maximum de 10 jours apr\u00e8s la mise en place du lien.<\/p>\n<p>En tout \u00e9tat de cause, DIAMFAB n\u2019est en aucun cas tenu responsable du contenu ainsi que des produits ou services propos\u00e9s sur les sites auxquels le site\u00a0diamfab.com se trouverait li\u00e9 par des liens hypertextes ou tout autre type de lien.<\/p>\n<h3>Limitation de responsabilit\u00e9<\/h3>\n<p>Vous utilisez le site<a href=\"https:\/\/aloisi-maintenance-industrielle.com\/\" target=\"_blank\" rel=\"noopener\">\u00a0diamfab.com\u00a0<\/a>\u00a0sous votre seule et enti\u00e8re responsabilit\u00e9. DIAMFAB ne pourra \u00eatre tenu pour responsable des dommages directs ou indirects, tels que, notamment, pr\u00e9judice mat\u00e9riel, pertes de donn\u00e9es ou de programme, pr\u00e9judice financier, r\u00e9sultant de l\u2019utilisation de ce site ou de sites qui lui sont li\u00e9s.<\/p>\n<h3>Copyright<\/h3>\n<p>Tous droits r\u00e9serv\u00e9s \u2013 Tous droits de reproduction et de diffusion r\u00e9serv\u00e9s.<\/p>\n<h3>M\u00e9dias<\/h3>\n<p>Si vous \u00eates un utilisateur ou une utilisatrice enregistr\u00e9\u00b7e et que vous t\u00e9l\u00e9versez des images sur le site web, nous vous conseillons d\u2019\u00e9viter de t\u00e9l\u00e9verser des images contenant des donn\u00e9es EXIF de coordonn\u00e9es GPS. Les visiteurs du site web peuvent t\u00e9l\u00e9charger et extraire des donn\u00e9es de localisation depuis ces images.<\/p>\n<h3>Cookies<\/h3>\n<p>Si vous d\u00e9posez un commentaire sur notre site, il vous sera propos\u00e9 d\u2019enregistrer votre nom, adresse de messagerie et site web dans des cookies. C\u2019est uniquement pour votre confort afin de ne pas avoir \u00e0 saisir ces informations si vous d\u00e9posez un autre commentaire plus tard. Ces cookies expirent au bout d\u2019un an.<\/p>\n<h3>Contenu embarqu\u00e9 depuis d\u2019autres sites<\/h3>\n<p>Les articles de ce site peuvent inclure des contenus int\u00e9gr\u00e9s (par exemple des vid\u00e9os, images, articles\u2026). Le contenu int\u00e9gr\u00e9 depuis d\u2019autres sites se comporte de la m\u00eame mani\u00e8re que si le visiteur se rendait sur cet autre site.<\/p>\n<p>Ces sites web pourraient collecter des donn\u00e9es sur vous, utiliser des cookies, embarquer des outils de suivis tiers, suivre vos interactions avec ces contenus embarqu\u00e9s si vous disposez d\u2019un compte connect\u00e9 sur leur site web.<\/p>\n<h3>Transmission de vos donn\u00e9es personnelles<\/h3>\n<p>Les commentaires des visiteurs peuvent \u00eatre v\u00e9rifi\u00e9s \u00e0 l\u2019aide d\u2019un service automatis\u00e9 de d\u00e9tection des commentaires ind\u00e9sirables.<\/p>\n<p><\/p>\t\t\t\t\t\t\t\t<\/div>\n\t\t\t\t<\/div>\n\t\t\t\t\t<\/div>\n\t\t<\/div>\n\t\t\t\t\t<\/div>\n\t\t<\/section>\n\t\t\t\t<\/div>\n\t\t","protected":false},"excerpt":{"rendered":"<p>Nous vous remercions de votre visite sur le site DIAMFAB. Vous trouverez ci-dessous notre politique en mati\u00e8re de traitement de donn\u00e9es personnelles. En visitant ce site vous acceptez les termes et conditions \u00e9nonc\u00e9es ci-apr\u00e8s. Qui sommes-nous\u00a0? L\u2019adresse de notre site Web est\u00a0: http:\/\/diamfab.com. Identification de l\u2019\u00e9diteur du site Soci\u00e9t\u00e9 :\u00a0DIAMFAB Adresse Postale :\u00a0 \u00a025 avenue [&hellip;]<\/p>\n","protected":false},"author":1,"featured_media":0,"parent":0,"menu_order":0,"comment_status":"closed","ping_status":"closed","template":"","meta":{"footnotes":""},"class_list":["post-3","page","type-page","status-publish","hentry"],"_links":{"self":[{"href":"https:\/\/diamfab.com\/fr\/wp-json\/wp\/v2\/pages\/3","targetHints":{"allow":["GET"]}}],"collection":[{"href":"https:\/\/diamfab.com\/fr\/wp-json\/wp\/v2\/pages"}],"about":[{"href":"https:\/\/diamfab.com\/fr\/wp-json\/wp\/v2\/types\/page"}],"author":[{"embeddable":true,"href":"https:\/\/diamfab.com\/fr\/wp-json\/wp\/v2\/users\/1"}],"replies":[{"embeddable":true,"href":"https:\/\/diamfab.com\/fr\/wp-json\/wp\/v2\/comments?post=3"}],"version-history":[{"count":19,"href":"https:\/\/diamfab.com\/fr\/wp-json\/wp\/v2\/pages\/3\/revisions"}],"predecessor-version":[{"id":2111,"href":"https:\/\/diamfab.com\/fr\/wp-json\/wp\/v2\/pages\/3\/revisions\/2111"}],"wp:attachment":[{"href":"https:\/\/diamfab.com\/fr\/wp-json\/wp\/v2\/media?parent=3"}],"curies":[{"name":"wp","href":"https:\/\/api.w.org\/{rel}","templated":true}]}}